{"id":9273,"date":"2026-04-08T00:58:23","date_gmt":"2026-04-07T22:58:23","guid":{"rendered":"https:\/\/fitoresyla.com\/product\/leka-n35\/"},"modified":"2026-04-08T00:58:23","modified_gmt":"2026-04-07T22:58:23","slug":"leka-n35","status":"publish","type":"product","link":"https:\/\/fitoresyla.com\/sq\/product\/leka-n35\/","title":{"rendered":"LEKA N\u00b035"},"content":{"rendered":"","protected":false},"excerpt":{"rendered":"<div class=\"woocommerce-product-details__short-description\">\n<p><strong>Ngjyra:<\/strong> Kafe<\/p>\n<p><strong>P\u00ebrmasat<\/strong> : 58&#215;20 cm<\/p>\n<p>Me format e tyre organike dhe t\u00ebrheq\u00ebse, k\u00ebto produkte do t\u00eb dallohen si ndri\u00e7ues unik n\u00eb \u00e7do sht\u00ebpi. Procesi \u00ebsht\u00eb i thjesht\u00eb: marrja e lekave nga fara deri te produkti p\u00ebrfundimtar, duke siguruar q\u00eb ato t\u00eb mbillen, t\u00eb vjelen, t\u00eb thahen dhe t\u00eb transformohen me kujdes dhe dashuri n\u00eb pemishten ton\u00eb.<\/p>\n<\/div>\n<p class=\"stock in-stock\">1 n\u00eb magazin\u00eb<\/p>\n","protected":false},"featured_media":9219,"template":"","meta":[],"product_brand":[],"product_cat":[104,98],"product_tag":[],"class_list":{"0":"post-9273","1":"product","2":"type-product","3":"status-publish","4":"has-post-thumbnail","6":"product_cat-leka-sq","7":"product_cat-llambe-tavoline","9":"first","10":"instock","11":"shipping-taxable","12":"purchasable","13":"product-type-simple"},"yoast_head":"<!-- This site is optimized with the Yoast SEO plugin v27.3 - https:\/\/yoast.com\/product\/yoast-seo-wordpress\/ -->\n<title>LEKA N\u00b035 - Fitore Syla<\/title>\n<meta name=\"robots\" content=\"noindex, follow\" \/>\n<meta property=\"og:locale\" content=\"sq_AL\" \/>\n<meta property=\"og:type\" content=\"article\" \/>\n<meta property=\"og:title\" content=\"LEKA N\u00b035 - Fitore Syla\" \/>\n<meta property=\"og:description\" content=\"Ngjyra: Kafe P\u00ebrmasat : 58x20 cm Me format e tyre organike dhe t\u00ebrheq\u00ebse, k\u00ebto produkte do t\u00eb dallohen si ndri\u00e7ues unik n\u00eb \u00e7do sht\u00ebpi. Procesi \u00ebsht\u00eb i thjesht\u00eb: marrja e lekave nga fara deri te produkti p\u00ebrfundimtar, duke siguruar q\u00eb ato t\u00eb mbillen, t\u00eb vjelen, t\u00eb thahen dhe t\u00eb transformohen me kujdes dhe dashuri n\u00eb pemishten ton\u00eb.  1 n\u00eb magazin\u00eb\" \/>\n<meta property=\"og:url\" content=\"https:\/\/fitoresyla.com\/sq\/product\/leka-n35\/\" \/>\n<meta property=\"og:site_name\" content=\"Fitore Syla\" \/>\n<meta property=\"article:publisher\" content=\"https:\/\/www.facebook.com\/sylafitore\" \/>\n<meta property=\"og:image\" content=\"https:\/\/fitoresyla.com\/wp-content\/uploads\/2026\/04\/21-3.jpg\" \/>\n\t<meta property=\"og:image:width\" content=\"826\" \/>\n\t<meta property=\"og:image:height\" content=\"1101\" \/>\n\t<meta property=\"og:image:type\" content=\"image\/jpeg\" \/>\n<meta name=\"twitter:card\" content=\"summary_large_image\" \/>\n<script type=\"application\/ld+json\" class=\"yoast-schema-graph\">{\"@context\":\"https:\\\/\\\/schema.org\",\"@graph\":[{\"@type\":\"WebPage\",\"@id\":\"https:\\\/\\\/fitoresyla.com\\\/sq\\\/product\\\/leka-n35\\\/\",\"url\":\"https:\\\/\\\/fitoresyla.com\\\/sq\\\/product\\\/leka-n35\\\/\",\"name\":\"LEKA N\u00b035 - Fitore Syla\",\"isPartOf\":{\"@id\":\"https:\\\/\\\/fitoresyla.com\\\/sq\\\/#website\"},\"primaryImageOfPage\":{\"@id\":\"https:\\\/\\\/fitoresyla.com\\\/sq\\\/product\\\/leka-n35\\\/#primaryimage\"},\"image\":{\"@id\":\"https:\\\/\\\/fitoresyla.com\\\/sq\\\/product\\\/leka-n35\\\/#primaryimage\"},\"thumbnailUrl\":\"https:\\\/\\\/fitoresyla.com\\\/wp-content\\\/uploads\\\/2026\\\/04\\\/21-6.jpg\",\"datePublished\":\"2026-04-07T22:58:23+00:00\",\"breadcrumb\":{\"@id\":\"https:\\\/\\\/fitoresyla.com\\\/sq\\\/product\\\/leka-n35\\\/#breadcrumb\"},\"inLanguage\":\"sq-AL\",\"potentialAction\":[{\"@type\":\"ReadAction\",\"target\":[\"https:\\\/\\\/fitoresyla.com\\\/sq\\\/product\\\/leka-n35\\\/\"]}]},{\"@type\":\"ImageObject\",\"inLanguage\":\"sq-AL\",\"@id\":\"https:\\\/\\\/fitoresyla.com\\\/sq\\\/product\\\/leka-n35\\\/#primaryimage\",\"url\":\"https:\\\/\\\/fitoresyla.com\\\/wp-content\\\/uploads\\\/2026\\\/04\\\/21-6.jpg\",\"contentUrl\":\"https:\\\/\\\/fitoresyla.com\\\/wp-content\\\/uploads\\\/2026\\\/04\\\/21-6.jpg\",\"width\":834,\"height\":1109},{\"@type\":\"BreadcrumbList\",\"@id\":\"https:\\\/\\\/fitoresyla.com\\\/sq\\\/product\\\/leka-n35\\\/#breadcrumb\",\"itemListElement\":[{\"@type\":\"ListItem\",\"position\":1,\"name\":\"Home\",\"item\":\"https:\\\/\\\/fitoresyla.com\\\/sq\\\/\"},{\"@type\":\"ListItem\",\"position\":2,\"name\":\"Blej online\",\"item\":\"https:\\\/\\\/fitoresyla.com\\\/sq\\\/blej-online\\\/\"},{\"@type\":\"ListItem\",\"position\":3,\"name\":\"LEKA N\u00b035\"}]},{\"@type\":\"WebSite\",\"@id\":\"https:\\\/\\\/fitoresyla.com\\\/sq\\\/#website\",\"url\":\"https:\\\/\\\/fitoresyla.com\\\/sq\\\/\",\"name\":\"Fitore Syla\",\"description\":\"Designer\",\"publisher\":{\"@id\":\"https:\\\/\\\/fitoresyla.com\\\/sq\\\/#organization\"},\"alternateName\":\"Fitore Syla Studio\",\"potentialAction\":[{\"@type\":\"SearchAction\",\"target\":{\"@type\":\"EntryPoint\",\"urlTemplate\":\"https:\\\/\\\/fitoresyla.com\\\/sq\\\/?s={search_term_string}\"},\"query-input\":{\"@type\":\"PropertyValueSpecification\",\"valueRequired\":true,\"valueName\":\"search_term_string\"}}],\"inLanguage\":\"sq-AL\"},{\"@type\":\"Organization\",\"@id\":\"https:\\\/\\\/fitoresyla.com\\\/sq\\\/#organization\",\"name\":\"Fitore Syla\",\"alternateName\":\"FTS\",\"url\":\"https:\\\/\\\/fitoresyla.com\\\/sq\\\/\",\"logo\":{\"@type\":\"ImageObject\",\"inLanguage\":\"sq-AL\",\"@id\":\"https:\\\/\\\/fitoresyla.com\\\/sq\\\/#\\\/schema\\\/logo\\\/image\\\/\",\"url\":\"https:\\\/\\\/fitoresyla.com\\\/wp-content\\\/uploads\\\/2024\\\/07\\\/Screen-Shot-2024-07-16-at-01.13.19.png\",\"contentUrl\":\"https:\\\/\\\/fitoresyla.com\\\/wp-content\\\/uploads\\\/2024\\\/07\\\/Screen-Shot-2024-07-16-at-01.13.19.png\",\"width\":154,\"height\":154,\"caption\":\"Fitore Syla\"},\"image\":{\"@id\":\"https:\\\/\\\/fitoresyla.com\\\/sq\\\/#\\\/schema\\\/logo\\\/image\\\/\"},\"sameAs\":[\"https:\\\/\\\/www.facebook.com\\\/sylafitore\",\"https:\\\/\\\/www.instagram.com\\\/sylafitore\\\/\",\"https:\\\/\\\/pin.it\\\/292LsUjrQ\",\"https:\\\/\\\/www.tiktok.com\\\/@syla.fitore\",\"https:\\\/\\\/www.linkedin.com\\\/in\\\/fitore-syla-93a34351\\\/\"]}]}<\/script>\n<!-- \/ Yoast SEO plugin. -->","yoast_head_json":{"title":"LEKA N\u00b035 - Fitore Syla","robots":{"index":"noindex","follow":"follow"},"og_locale":"sq_AL","og_type":"article","og_title":"LEKA N\u00b035 - Fitore Syla","og_description":"Ngjyra: Kafe P\u00ebrmasat : 58x20 cm Me format e tyre organike dhe t\u00ebrheq\u00ebse, k\u00ebto produkte do t\u00eb dallohen si ndri\u00e7ues unik n\u00eb \u00e7do sht\u00ebpi. Procesi \u00ebsht\u00eb i thjesht\u00eb: marrja e lekave nga fara deri te produkti p\u00ebrfundimtar, duke siguruar q\u00eb ato t\u00eb mbillen, t\u00eb vjelen, t\u00eb thahen dhe t\u00eb transformohen me kujdes dhe dashuri n\u00eb pemishten ton\u00eb.  1 n\u00eb magazin\u00eb","og_url":"https:\/\/fitoresyla.com\/sq\/product\/leka-n35\/","og_site_name":"Fitore Syla","article_publisher":"https:\/\/www.facebook.com\/sylafitore","og_image":[{"width":826,"height":1101,"url":"https:\/\/fitoresyla.com\/wp-content\/uploads\/2026\/04\/21-3.jpg","type":"image\/jpeg"}],"twitter_card":"summary_large_image","schema":{"@context":"https:\/\/schema.org","@graph":[{"@type":"WebPage","@id":"https:\/\/fitoresyla.com\/sq\/product\/leka-n35\/","url":"https:\/\/fitoresyla.com\/sq\/product\/leka-n35\/","name":"LEKA N\u00b035 - Fitore Syla","isPartOf":{"@id":"https:\/\/fitoresyla.com\/sq\/#website"},"primaryImageOfPage":{"@id":"https:\/\/fitoresyla.com\/sq\/product\/leka-n35\/#primaryimage"},"image":{"@id":"https:\/\/fitoresyla.com\/sq\/product\/leka-n35\/#primaryimage"},"thumbnailUrl":"https:\/\/fitoresyla.com\/wp-content\/uploads\/2026\/04\/21-6.jpg","datePublished":"2026-04-07T22:58:23+00:00","breadcrumb":{"@id":"https:\/\/fitoresyla.com\/sq\/product\/leka-n35\/#breadcrumb"},"inLanguage":"sq-AL","potentialAction":[{"@type":"ReadAction","target":["https:\/\/fitoresyla.com\/sq\/product\/leka-n35\/"]}]},{"@type":"ImageObject","inLanguage":"sq-AL","@id":"https:\/\/fitoresyla.com\/sq\/product\/leka-n35\/#primaryimage","url":"https:\/\/fitoresyla.com\/wp-content\/uploads\/2026\/04\/21-6.jpg","contentUrl":"https:\/\/fitoresyla.com\/wp-content\/uploads\/2026\/04\/21-6.jpg","width":834,"height":1109},{"@type":"BreadcrumbList","@id":"https:\/\/fitoresyla.com\/sq\/product\/leka-n35\/#breadcrumb","itemListElement":[{"@type":"ListItem","position":1,"name":"Home","item":"https:\/\/fitoresyla.com\/sq\/"},{"@type":"ListItem","position":2,"name":"Blej online","item":"https:\/\/fitoresyla.com\/sq\/blej-online\/"},{"@type":"ListItem","position":3,"name":"LEKA N\u00b035"}]},{"@type":"WebSite","@id":"https:\/\/fitoresyla.com\/sq\/#website","url":"https:\/\/fitoresyla.com\/sq\/","name":"Fitore Syla","description":"Designer","publisher":{"@id":"https:\/\/fitoresyla.com\/sq\/#organization"},"alternateName":"Fitore Syla Studio","potentialAction":[{"@type":"SearchAction","target":{"@type":"EntryPoint","urlTemplate":"https:\/\/fitoresyla.com\/sq\/?s={search_term_string}"},"query-input":{"@type":"PropertyValueSpecification","valueRequired":true,"valueName":"search_term_string"}}],"inLanguage":"sq-AL"},{"@type":"Organization","@id":"https:\/\/fitoresyla.com\/sq\/#organization","name":"Fitore Syla","alternateName":"FTS","url":"https:\/\/fitoresyla.com\/sq\/","logo":{"@type":"ImageObject","inLanguage":"sq-AL","@id":"https:\/\/fitoresyla.com\/sq\/#\/schema\/logo\/image\/","url":"https:\/\/fitoresyla.com\/wp-content\/uploads\/2024\/07\/Screen-Shot-2024-07-16-at-01.13.19.png","contentUrl":"https:\/\/fitoresyla.com\/wp-content\/uploads\/2024\/07\/Screen-Shot-2024-07-16-at-01.13.19.png","width":154,"height":154,"caption":"Fitore Syla"},"image":{"@id":"https:\/\/fitoresyla.com\/sq\/#\/schema\/logo\/image\/"},"sameAs":["https:\/\/www.facebook.com\/sylafitore","https:\/\/www.instagram.com\/sylafitore\/","https:\/\/pin.it\/292LsUjrQ","https:\/\/www.tiktok.com\/@syla.fitore","https:\/\/www.linkedin.com\/in\/fitore-syla-93a34351\/"]}]}},"_links":{"self":[{"href":"https:\/\/fitoresyla.com\/sq\/wp-json\/wp\/v2\/product\/9273","targetHints":{"allow":["GET"]}}],"collection":[{"href":"https:\/\/fitoresyla.com\/sq\/wp-json\/wp\/v2\/product"}],"about":[{"href":"https:\/\/fitoresyla.com\/sq\/wp-json\/wp\/v2\/types\/product"}],"wp:featuredmedia":[{"embeddable":true,"href":"https:\/\/fitoresyla.com\/sq\/wp-json\/wp\/v2\/media\/9219"}],"wp:attachment":[{"href":"https:\/\/fitoresyla.com\/sq\/wp-json\/wp\/v2\/media?parent=9273"}],"wp:term":[{"taxonomy":"product_brand","embeddable":true,"href":"https:\/\/fitoresyla.com\/sq\/wp-json\/wp\/v2\/product_brand?post=9273"},{"taxonomy":"product_cat","embeddable":true,"href":"https:\/\/fitoresyla.com\/sq\/wp-json\/wp\/v2\/product_cat?post=9273"},{"taxonomy":"product_tag","embeddable":true,"href":"https:\/\/fitoresyla.com\/sq\/wp-json\/wp\/v2\/product_tag?post=9273"}],"curies":[{"name":"wp","href":"https:\/\/api.w.org\/{rel}","templated":true}]}}