{"id":6376,"date":"2022-12-15T14:18:57","date_gmt":"2022-12-15T13:18:57","guid":{"rendered":"https:\/\/fitoresyla.com\/per-mua\/"},"modified":"2024-07-17T10:37:27","modified_gmt":"2024-07-17T08:37:27","slug":"per-mua","status":"publish","type":"page","link":"https:\/\/fitoresyla.com\/sq\/per-mua\/","title":{"rendered":"P\u00ebr mua"},"content":{"rendered":"\t\t<div data-elementor-type=\"wp-page\" data-elementor-id=\"6376\" class=\"elementor elementor-6376 elementor-1609\" data-elementor-post-type=\"page\">\n\t\t\t\t\t\t<section class=\"elementor-section elementor-top-section elementor-element elementor-element-b1498c6 elementor-section-full_width qodef-elementor-content-grid elementor-reverse-mobile elementor-section-height-default elementor-section-height-default\" data-id=\"b1498c6\" data-element_type=\"section\" data-e-type=\"section\">\n\t\t\t\t\t\t<div class=\"elementor-container elementor-column-gap-default\">\n\t\t\t\t\t<div class=\"elementor-column elementor-col-50 elementor-top-column elementor-element elementor-element-5a2c8e7\" data-id=\"5a2c8e7\" data-element_type=\"column\" data-e-type=\"column\">\n\t\t\t<div class=\"elementor-widget-wrap elementor-element-populated\">\n\t\t\t\t\t\t<div class=\"elementor-element elementor-element-0e7a13c elementor-widget elementor-widget-playgrow_core_section_title\" data-id=\"0e7a13c\" data-element_type=\"widget\" data-e-type=\"widget\" data-widget_type=\"playgrow_core_section_title.default\">\n\t\t\t\t<div class=\"elementor-widget-container\">\n\t\t\t\t\t<div class=\"qodef-shortcode qodef-m  qodef-section-title qodef-alignment--left \">\n\t\t<h4 class=\"qodef-m-title\" >\n\t\t\t\t\tUn\u00eb jam Fitore Syla, artiste dhe dizajnere nga Prishtina, Kosova. \t\t\t<\/h4>\n\t<\/div>\n\t\t\t\t<\/div>\n\t\t\t\t<\/div>\n\t\t\t\t<div class=\"elementor-element elementor-element-810571a elementor-widget elementor-widget-text-editor\" data-id=\"810571a\" data-element_type=\"widget\" data-e-type=\"widget\" data-widget_type=\"text-editor.default\">\n\t\t\t\t<div class=\"elementor-widget-container\">\n\t\t\t\t\t\t\t\t\t<p>Kam studiuar dizajn grafik n\u00eb Fakultetin e Arteve t\u00eb Bukura, Universiteti i Prishtin\u00ebs. P\u00ebr n\u00ebnt\u00eb vjet, kam punuar n\u00eb nj\u00eb kompani kreative n\u00eb Prishtin\u00eb, fillimisht si fotografe dhe m\u00eb pas si dizajnere dhe 3D artiste. P\u00ebrmes praktik\u00ebs, zbulova pasionin tim p\u00ebr dizajnin e interierit, i cili u b\u00eb fokusi im kryesor.\u00a0<\/p><p>N\u00eb vitin 2016, bashk\u00ebthemelova Muz\u00ebn, nj\u00eb studio interieri dhe arkitekture n\u00eb Prishtin\u00eb. Gjat\u00eb tet\u00eb viteve t\u00eb fundit, kemi krijuar interiere t\u00eb bukura n\u00eb mbar\u00eb Kosov\u00ebn. \u00c7do projekt na ka udh\u00ebhequr t\u00eb eksplorojm\u00eb forma, ngjyra dhe dizajne t\u00eb reja.\u00a0<\/p><p>Udh\u00ebtimi yn\u00eb ka qen\u00eb v\u00ebrtet i plot\u00eb. Shum\u00eb nga projektet tona jan\u00eb publikuar n\u00eb revista nd\u00ebrkomb\u00ebtare. P\u00ebrgjat\u00eb rrug\u00ebs, jemi b\u00ebr\u00eb burim frym\u00ebzimi p\u00ebr t\u00eb tjer\u00ebt. Madje krijuam nj\u00eb koleksion qilimash \u201cMuza Rugs\u201d t\u00eb frym\u00ebzuar nga kultura jon\u00eb, q\u00eb \u00ebsht\u00eb unike dhe e lasht\u00eb.\u00a0<\/p><p>Tani, drejtoj studion time, duke u fokusuar n\u00eb interiere, produkte dhe lodra p\u00ebr f\u00ebmij\u00eb. Besoj se dizajni \u00ebsht\u00eb nj\u00eb m\u00ebnyr\u00eb p\u00ebr t\u00eb jetuar n\u00eb m\u00ebnyr\u00eb autentike dhe harmonike. Ka qen\u00eb nj\u00eb udh\u00ebtim i rritjes personale p\u00ebr mua.\u00a0<\/p><p>Frym\u00ebzimi im \u00ebsht\u00eb thell\u00ebsisht i rr\u00ebnjosur n\u00eb kultur\u00ebn ton\u00eb t\u00eb bukur shqiptare, e cila t\u00eb l\u00eb pa frym\u00eb me format, ngjyrat dhe historin\u00eb e saj t\u00eb pasur.\u00a0<\/p><p>Shpresoj t\u00eb manifestoj p\u00ebrceptimet e mia t\u00eb brendshme dhe t\u00eb sjell nj\u00eb perspektiv\u00eb t\u00eb re!<\/p><p>Prezentuar m\u00eb par\u00eb n\u00eb: <strong><a href=\"https:\/\/www.apartmenttherapy.com\/designers-colorful-kosovo-home-37385038\" target=\"_blank\" rel=\"noopener\">Apartment Therapy<\/a>,<\/strong>\u00a0<strong><a href=\"https:\/\/www.dwell.com\/article\/a-ray-of-joy-muza-apartment-renovation-pristina-kosovo-60e37925\" target=\"_blank\" rel=\"noopener\">Dwell<\/a><a href=\"https:\/\/www.dwell.com\/article\/a-ray-of-joy-muza-apartment-renovation-pristina-kosovo-60e37925\"> (A Ray of Joy)<\/a>, <\/strong><a href=\"https:\/\/homeadore.com\/2022\/05\/18\/apartment-24-by-muza\/?fbclid=IwZXh0bgNhZW0CMTEAAR0ff9BXYiBzfNu4MBRzYdoz6M-uHfZFHqyxO_pdGZVPGYgBuzgUrRv-qFU_aem_FqO3r1aNL39WMh04s9kvqw\" target=\"_blank\" rel=\"noopener\"><b>Home Adore<\/b><\/a>,\u00a0<a href=\"https:\/\/www.dwell.com\/home\/chunky-finishes-combine-with-curves-in-this-easter-egg-colored-apartment-b954f0d3\" target=\"_blank\" rel=\"noopener\"><b>Dwell<\/b><\/a>,\u00a0<a href=\"https:\/\/homeadore.com\/2021\/08\/23\/la-house-by-muza\/\" target=\"_blank\" rel=\"noopener\"><b>Home Adore<\/b><\/a> <strong><a href=\"https:\/\/homeadore.com\/2021\/08\/23\/la-house-by-muza\/\">(La House)<\/a><\/strong>, <a href=\"https:\/\/homeadore.com\/2022\/06\/08\/kidas-wonderland-by-muza\/\" target=\"_blank\" rel=\"noopener\"><b>Home Adore (Kida&#8217;s Wonderland)<\/b><\/a>,\u00a0<a href=\"https:\/\/www.facebook.com\/photo\/?fbid=2720606498249810&amp;set=pcb.2720609228249537\" target=\"_blank\" rel=\"noopener\"><b>Interiores<\/b><\/a>.<\/p>\t\t\t\t\t\t\t\t<\/div>\n\t\t\t\t<\/div>\n\t\t\t\t\t<\/div>\n\t\t<\/div>\n\t\t\t\t<div class=\"elementor-column elementor-col-50 elementor-top-column elementor-element elementor-element-a02c965\" data-id=\"a02c965\" data-element_type=\"column\" data-e-type=\"column\" data-settings=\"{&quot;background_background&quot;:&quot;classic&quot;}\">\n\t\t\t<div class=\"elementor-widget-wrap elementor-element-populated\">\n\t\t\t\t\t\t<div class=\"elementor-element elementor-element-3403022 elementor-widget-mobile__width-inherit elementor-widget elementor-widget-spacer\" data-id=\"3403022\" data-element_type=\"widget\" data-e-type=\"widget\" data-widget_type=\"spacer.default\">\n\t\t\t\t<div class=\"elementor-widget-container\">\n\t\t\t\t\t\t\t<div class=\"elementor-spacer\">\n\t\t\t<div class=\"elementor-spacer-inner\"><\/div>\n\t\t<\/div>\n\t\t\t\t\t\t<\/div>\n\t\t\t\t<\/div>\n\t\t\t\t\t<\/div>\n\t\t<\/div>\n\t\t\t\t\t<\/div>\n\t\t<\/section>\n\t\t\t\t<\/div>\n\t\t","protected":false},"excerpt":{"rendered":"<p>Un\u00eb jam Fitore Syla, artiste dhe dizajnere nga Prishtina, Kosova. Kam studiuar dizajn grafik n\u00eb Fakultetin e Arteve t\u00eb Bukura, Universiteti i Prishtin\u00ebs. P\u00ebr n\u00ebnt\u00eb vjet, kam punuar n\u00eb nj\u00eb kompani kreative n\u00eb Prishtin\u00eb, fillimisht si fotografe dhe m\u00eb pas si dizajnere dhe 3D artiste. P\u00ebrmes praktik\u00ebs, zbulova pasionin tim p\u00ebr dizajnin e interierit, i [&hellip;]<\/p>\n","protected":false},"author":1,"featured_media":6053,"parent":0,"menu_order":0,"comment_status":"closed","ping_status":"closed","template":"","meta":{"footnotes":""},"class_list":["post-6376","page","type-page","status-publish","has-post-thumbnail","hentry"],"yoast_head":"<!-- This site is optimized with the Yoast SEO plugin v27.3 - https:\/\/yoast.com\/product\/yoast-seo-wordpress\/ -->\n<title>P\u00ebr mua - Fitore Syla<\/title>\n<meta name=\"robots\" content=\"index, follow, max-snippet:-1, max-image-preview:large, max-video-preview:-1\" \/>\n<link rel=\"canonical\" href=\"https:\/\/fitoresyla.com\/sq\/per-mua\/\" \/>\n<meta property=\"og:locale\" content=\"sq_AL\" \/>\n<meta property=\"og:type\" content=\"article\" \/>\n<meta property=\"og:title\" content=\"P\u00ebr mua - Fitore Syla\" \/>\n<meta property=\"og:description\" content=\"Un\u00eb jam Fitore Syla, artiste dhe dizajnere nga Prishtina, Kosova. Kam studiuar dizajn grafik n\u00eb Fakultetin e Arteve t\u00eb Bukura, Universiteti i Prishtin\u00ebs. P\u00ebr n\u00ebnt\u00eb vjet, kam punuar n\u00eb nj\u00eb kompani kreative n\u00eb Prishtin\u00eb, fillimisht si fotografe dhe m\u00eb pas si dizajnere dhe 3D artiste. P\u00ebrmes praktik\u00ebs, zbulova pasionin tim p\u00ebr dizajnin e interierit, i [&hellip;]\" \/>\n<meta property=\"og:url\" content=\"https:\/\/fitoresyla.com\/sq\/per-mua\/\" \/>\n<meta property=\"og:site_name\" content=\"Fitore Syla\" \/>\n<meta property=\"article:publisher\" content=\"https:\/\/www.facebook.com\/sylafitore\" \/>\n<meta property=\"article:modified_time\" content=\"2024-07-17T08:37:27+00:00\" \/>\n<meta property=\"og:image\" content=\"https:\/\/fitoresyla.com\/wp-content\/uploads\/2024\/07\/F-03-scaled.jpg\" \/>\n\t<meta property=\"og:image:width\" content=\"2560\" \/>\n\t<meta property=\"og:image:height\" content=\"1874\" \/>\n\t<meta property=\"og:image:type\" content=\"image\/jpeg\" \/>\n<meta name=\"twitter:card\" content=\"summary_large_image\" \/>\n<meta name=\"twitter:label1\" content=\"Est. reading time\" \/>\n\t<meta name=\"twitter:data1\" content=\"2 minutes\" \/>\n<script type=\"application\/ld+json\" class=\"yoast-schema-graph\">{\"@context\":\"https:\\\/\\\/schema.org\",\"@graph\":[{\"@type\":\"WebPage\",\"@id\":\"https:\\\/\\\/fitoresyla.com\\\/sq\\\/per-mua\\\/\",\"url\":\"https:\\\/\\\/fitoresyla.com\\\/sq\\\/per-mua\\\/\",\"name\":\"P\u00ebr mua - Fitore Syla\",\"isPartOf\":{\"@id\":\"https:\\\/\\\/fitoresyla.com\\\/sq\\\/#website\"},\"primaryImageOfPage\":{\"@id\":\"https:\\\/\\\/fitoresyla.com\\\/sq\\\/per-mua\\\/#primaryimage\"},\"image\":{\"@id\":\"https:\\\/\\\/fitoresyla.com\\\/sq\\\/per-mua\\\/#primaryimage\"},\"thumbnailUrl\":\"https:\\\/\\\/fitoresyla.com\\\/wp-content\\\/uploads\\\/2024\\\/07\\\/F-03-scaled.jpg\",\"datePublished\":\"2022-12-15T13:18:57+00:00\",\"dateModified\":\"2024-07-17T08:37:27+00:00\",\"breadcrumb\":{\"@id\":\"https:\\\/\\\/fitoresyla.com\\\/sq\\\/per-mua\\\/#breadcrumb\"},\"inLanguage\":\"sq-AL\",\"potentialAction\":[{\"@type\":\"ReadAction\",\"target\":[\"https:\\\/\\\/fitoresyla.com\\\/sq\\\/per-mua\\\/\"]}]},{\"@type\":\"ImageObject\",\"inLanguage\":\"sq-AL\",\"@id\":\"https:\\\/\\\/fitoresyla.com\\\/sq\\\/per-mua\\\/#primaryimage\",\"url\":\"https:\\\/\\\/fitoresyla.com\\\/wp-content\\\/uploads\\\/2024\\\/07\\\/F-03-scaled.jpg\",\"contentUrl\":\"https:\\\/\\\/fitoresyla.com\\\/wp-content\\\/uploads\\\/2024\\\/07\\\/F-03-scaled.jpg\",\"width\":2560,\"height\":1874},{\"@type\":\"BreadcrumbList\",\"@id\":\"https:\\\/\\\/fitoresyla.com\\\/sq\\\/per-mua\\\/#breadcrumb\",\"itemListElement\":[{\"@type\":\"ListItem\",\"position\":1,\"name\":\"Home\",\"item\":\"https:\\\/\\\/fitoresyla.com\\\/sq\\\/\"},{\"@type\":\"ListItem\",\"position\":2,\"name\":\"P\u00ebr mua\"}]},{\"@type\":\"WebSite\",\"@id\":\"https:\\\/\\\/fitoresyla.com\\\/sq\\\/#website\",\"url\":\"https:\\\/\\\/fitoresyla.com\\\/sq\\\/\",\"name\":\"Fitore Syla\",\"description\":\"Designer\",\"publisher\":{\"@id\":\"https:\\\/\\\/fitoresyla.com\\\/sq\\\/#organization\"},\"alternateName\":\"Fitore Syla Studio\",\"potentialAction\":[{\"@type\":\"SearchAction\",\"target\":{\"@type\":\"EntryPoint\",\"urlTemplate\":\"https:\\\/\\\/fitoresyla.com\\\/sq\\\/?s={search_term_string}\"},\"query-input\":{\"@type\":\"PropertyValueSpecification\",\"valueRequired\":true,\"valueName\":\"search_term_string\"}}],\"inLanguage\":\"sq-AL\"},{\"@type\":\"Organization\",\"@id\":\"https:\\\/\\\/fitoresyla.com\\\/sq\\\/#organization\",\"name\":\"Fitore Syla\",\"alternateName\":\"FTS\",\"url\":\"https:\\\/\\\/fitoresyla.com\\\/sq\\\/\",\"logo\":{\"@type\":\"ImageObject\",\"inLanguage\":\"sq-AL\",\"@id\":\"https:\\\/\\\/fitoresyla.com\\\/sq\\\/#\\\/schema\\\/logo\\\/image\\\/\",\"url\":\"https:\\\/\\\/fitoresyla.com\\\/wp-content\\\/uploads\\\/2024\\\/07\\\/Screen-Shot-2024-07-16-at-01.13.19.png\",\"contentUrl\":\"https:\\\/\\\/fitoresyla.com\\\/wp-content\\\/uploads\\\/2024\\\/07\\\/Screen-Shot-2024-07-16-at-01.13.19.png\",\"width\":154,\"height\":154,\"caption\":\"Fitore Syla\"},\"image\":{\"@id\":\"https:\\\/\\\/fitoresyla.com\\\/sq\\\/#\\\/schema\\\/logo\\\/image\\\/\"},\"sameAs\":[\"https:\\\/\\\/www.facebook.com\\\/sylafitore\",\"https:\\\/\\\/www.instagram.com\\\/sylafitore\\\/\",\"https:\\\/\\\/pin.it\\\/292LsUjrQ\",\"https:\\\/\\\/www.tiktok.com\\\/@syla.fitore\",\"https:\\\/\\\/www.linkedin.com\\\/in\\\/fitore-syla-93a34351\\\/\"]}]}<\/script>\n<!-- \/ Yoast SEO plugin. -->","yoast_head_json":{"title":"P\u00ebr mua - Fitore Syla","robots":{"index":"index","follow":"follow","max-snippet":"max-snippet:-1","max-image-preview":"max-image-preview:large","max-video-preview":"max-video-preview:-1"},"canonical":"https:\/\/fitoresyla.com\/sq\/per-mua\/","og_locale":"sq_AL","og_type":"article","og_title":"P\u00ebr mua - Fitore Syla","og_description":"Un\u00eb jam Fitore Syla, artiste dhe dizajnere nga Prishtina, Kosova. Kam studiuar dizajn grafik n\u00eb Fakultetin e Arteve t\u00eb Bukura, Universiteti i Prishtin\u00ebs. P\u00ebr n\u00ebnt\u00eb vjet, kam punuar n\u00eb nj\u00eb kompani kreative n\u00eb Prishtin\u00eb, fillimisht si fotografe dhe m\u00eb pas si dizajnere dhe 3D artiste. P\u00ebrmes praktik\u00ebs, zbulova pasionin tim p\u00ebr dizajnin e interierit, i [&hellip;]","og_url":"https:\/\/fitoresyla.com\/sq\/per-mua\/","og_site_name":"Fitore Syla","article_publisher":"https:\/\/www.facebook.com\/sylafitore","article_modified_time":"2024-07-17T08:37:27+00:00","og_image":[{"width":2560,"height":1874,"url":"https:\/\/fitoresyla.com\/wp-content\/uploads\/2024\/07\/F-03-scaled.jpg","type":"image\/jpeg"}],"twitter_card":"summary_large_image","twitter_misc":{"Est. reading time":"2 minutes"},"schema":{"@context":"https:\/\/schema.org","@graph":[{"@type":"WebPage","@id":"https:\/\/fitoresyla.com\/sq\/per-mua\/","url":"https:\/\/fitoresyla.com\/sq\/per-mua\/","name":"P\u00ebr mua - Fitore Syla","isPartOf":{"@id":"https:\/\/fitoresyla.com\/sq\/#website"},"primaryImageOfPage":{"@id":"https:\/\/fitoresyla.com\/sq\/per-mua\/#primaryimage"},"image":{"@id":"https:\/\/fitoresyla.com\/sq\/per-mua\/#primaryimage"},"thumbnailUrl":"https:\/\/fitoresyla.com\/wp-content\/uploads\/2024\/07\/F-03-scaled.jpg","datePublished":"2022-12-15T13:18:57+00:00","dateModified":"2024-07-17T08:37:27+00:00","breadcrumb":{"@id":"https:\/\/fitoresyla.com\/sq\/per-mua\/#breadcrumb"},"inLanguage":"sq-AL","potentialAction":[{"@type":"ReadAction","target":["https:\/\/fitoresyla.com\/sq\/per-mua\/"]}]},{"@type":"ImageObject","inLanguage":"sq-AL","@id":"https:\/\/fitoresyla.com\/sq\/per-mua\/#primaryimage","url":"https:\/\/fitoresyla.com\/wp-content\/uploads\/2024\/07\/F-03-scaled.jpg","contentUrl":"https:\/\/fitoresyla.com\/wp-content\/uploads\/2024\/07\/F-03-scaled.jpg","width":2560,"height":1874},{"@type":"BreadcrumbList","@id":"https:\/\/fitoresyla.com\/sq\/per-mua\/#breadcrumb","itemListElement":[{"@type":"ListItem","position":1,"name":"Home","item":"https:\/\/fitoresyla.com\/sq\/"},{"@type":"ListItem","position":2,"name":"P\u00ebr mua"}]},{"@type":"WebSite","@id":"https:\/\/fitoresyla.com\/sq\/#website","url":"https:\/\/fitoresyla.com\/sq\/","name":"Fitore Syla","description":"Designer","publisher":{"@id":"https:\/\/fitoresyla.com\/sq\/#organization"},"alternateName":"Fitore Syla Studio","potentialAction":[{"@type":"SearchAction","target":{"@type":"EntryPoint","urlTemplate":"https:\/\/fitoresyla.com\/sq\/?s={search_term_string}"},"query-input":{"@type":"PropertyValueSpecification","valueRequired":true,"valueName":"search_term_string"}}],"inLanguage":"sq-AL"},{"@type":"Organization","@id":"https:\/\/fitoresyla.com\/sq\/#organization","name":"Fitore Syla","alternateName":"FTS","url":"https:\/\/fitoresyla.com\/sq\/","logo":{"@type":"ImageObject","inLanguage":"sq-AL","@id":"https:\/\/fitoresyla.com\/sq\/#\/schema\/logo\/image\/","url":"https:\/\/fitoresyla.com\/wp-content\/uploads\/2024\/07\/Screen-Shot-2024-07-16-at-01.13.19.png","contentUrl":"https:\/\/fitoresyla.com\/wp-content\/uploads\/2024\/07\/Screen-Shot-2024-07-16-at-01.13.19.png","width":154,"height":154,"caption":"Fitore Syla"},"image":{"@id":"https:\/\/fitoresyla.com\/sq\/#\/schema\/logo\/image\/"},"sameAs":["https:\/\/www.facebook.com\/sylafitore","https:\/\/www.instagram.com\/sylafitore\/","https:\/\/pin.it\/292LsUjrQ","https:\/\/www.tiktok.com\/@syla.fitore","https:\/\/www.linkedin.com\/in\/fitore-syla-93a34351\/"]}]}},"_links":{"self":[{"href":"https:\/\/fitoresyla.com\/sq\/wp-json\/wp\/v2\/pages\/6376","targetHints":{"allow":["GET"]}}],"collection":[{"href":"https:\/\/fitoresyla.com\/sq\/wp-json\/wp\/v2\/pages"}],"about":[{"href":"https:\/\/fitoresyla.com\/sq\/wp-json\/wp\/v2\/types\/page"}],"author":[{"embeddable":true,"href":"https:\/\/fitoresyla.com\/sq\/wp-json\/wp\/v2\/users\/1"}],"replies":[{"embeddable":true,"href":"https:\/\/fitoresyla.com\/sq\/wp-json\/wp\/v2\/comments?post=6376"}],"version-history":[{"count":0,"href":"https:\/\/fitoresyla.com\/sq\/wp-json\/wp\/v2\/pages\/6376\/revisions"}],"wp:featuredmedia":[{"embeddable":true,"href":"https:\/\/fitoresyla.com\/sq\/wp-json\/wp\/v2\/media\/6053"}],"wp:attachment":[{"href":"https:\/\/fitoresyla.com\/sq\/wp-json\/wp\/v2\/media?parent=6376"}],"curies":[{"name":"wp","href":"https:\/\/api.w.org\/{rel}","templated":true}]}}