{"id":5633,"date":"2024-06-19T17:49:07","date_gmt":"2024-06-19T15:49:07","guid":{"rendered":"https:\/\/fitoresyla.com\/cart\/"},"modified":"2024-07-09T00:31:04","modified_gmt":"2024-07-08T22:31:04","slug":"cart","status":"publish","type":"page","link":"https:\/\/fitoresyla.com\/sq\/cart\/","title":{"rendered":"Cart"},"content":{"rendered":"\n<div data-block-name=\"woocommerce\/cart\" class=\"wp-block-woocommerce-cart alignwide is-loading\">\n<div data-block-name=\"woocommerce\/filled-cart-block\" class=\"wp-block-woocommerce-filled-cart-block\">\n<div data-block-name=\"woocommerce\/cart-items-block\" class=\"wp-block-woocommerce-cart-items-block\">\n<div data-block-name=\"woocommerce\/cart-line-items-block\" class=\"wp-block-woocommerce-cart-line-items-block\"><\/div>\n\n\n\n<div data-block-name=\"woocommerce\/cart-cross-sells-block\" class=\"wp-block-woocommerce-cart-cross-sells-block\">\n<h2 class=\"wp-block-heading has-large-font-size\">You may be interested in\u2026<\/h2>\n\n\n\n<div data-block-name=\"woocommerce\/cart-cross-sells-products-block\" class=\"wp-block-woocommerce-cart-cross-sells-products-block\"><\/div>\n<\/div>\n<\/div>\n\n\n\n<div data-block-name=\"woocommerce\/cart-totals-block\" class=\"wp-block-woocommerce-cart-totals-block\">\n<div data-block-name=\"woocommerce\/cart-order-summary-block\" class=\"wp-block-woocommerce-cart-order-summary-block\">\n<div data-block-name=\"woocommerce\/cart-order-summary-heading-block\" class=\"wp-block-woocommerce-cart-order-summary-heading-block\"><\/div><div data-block-name=\"woocommerce\/cart-order-summary-coupon-form-block\" class=\"wp-block-woocommerce-cart-order-summary-coupon-form-block\"><\/div><div data-block-name=\"woocommerce\/cart-order-summary-totals-block\" class=\"wp-block-woocommerce-cart-order-summary-totals-block\">\n<div data-block-name=\"woocommerce\/cart-order-summary-subtotal-block\" class=\"wp-block-woocommerce-cart-order-summary-subtotal-block\"><\/div>\n<div data-block-name=\"woocommerce\/cart-order-summary-discount-block\" class=\"wp-block-woocommerce-cart-order-summary-discount-block\"><\/div>\n<div data-block-name=\"woocommerce\/cart-order-summary-fee-block\" class=\"wp-block-woocommerce-cart-order-summary-fee-block\"><\/div>\n<div data-block-name=\"woocommerce\/cart-order-summary-shipping-block\" class=\"wp-block-woocommerce-cart-order-summary-shipping-block\"><\/div>\n<div data-block-name=\"woocommerce\/cart-order-summary-taxes-block\" class=\"wp-block-woocommerce-cart-order-summary-taxes-block\"><\/div><\/div>\n<\/div>\n\n\n\n<div data-block-name=\"woocommerce\/cart-express-payment-block\" class=\"wp-block-woocommerce-cart-express-payment-block\"><\/div>\n\n\n\n<div data-block-name=\"woocommerce\/proceed-to-checkout-block\" class=\"wp-block-woocommerce-proceed-to-checkout-block\"><\/div>\n\n\n\n<div data-block-name=\"woocommerce\/cart-accepted-payment-methods-block\" class=\"wp-block-woocommerce-cart-accepted-payment-methods-block\"><\/div>\n<\/div>\n<\/div>\n\n\n\n<div data-block-name=\"woocommerce\/empty-cart-block\" class=\"wp-block-woocommerce-empty-cart-block\">\n<h2 class=\"wp-block-heading has-text-align-center with-empty-cart-icon wc-block-cart__empty-cart__title\">Shporta juaj \u00ebsht\u00eb e zbraz\u00ebt!<\/h2>\n\n\n\n<hr class=\"wp-block-separator has-alpha-channel-opacity is-style-dots\"\/>\n\n\n\n<h2 class=\"wp-block-heading has-text-align-center\">New in store<\/h2>\n\n\n<div data-block-name=\"woocommerce\/product-new\" data-columns=\"4\" data-rows=\"1\" class=\"wc-block-grid wp-block-product-new wp-block-woocommerce-product-new wc-block-product-new has-4-columns\"><ul class=\"wc-block-grid__products\"><li class=\"wc-block-grid__product\">\n\t\t\t\t<a href=\"https:\/\/fitoresyla.com\/sq\/product\/leka-n22-2\/\" class=\"wc-block-grid__product-link\">\n\t\t\t\t\t\n\t\t\t\t\t<div class=\"wc-block-grid__product-image\"><img fetchpriority=\"high\" decoding=\"async\" width=\"300\" height=\"399\" src=\"https:\/\/fitoresyla.com\/wp-content\/uploads\/2025\/10\/PXL_20251023_084823842-300x399.jpg\" class=\"attachment-woocommerce_thumbnail size-woocommerce_thumbnail\" alt=\"LEKA N\u00b022\" srcset=\"https:\/\/fitoresyla.com\/wp-content\/uploads\/2025\/10\/PXL_20251023_084823842-300x399.jpg 300w, https:\/\/fitoresyla.com\/wp-content\/uploads\/2025\/10\/PXL_20251023_084823842-226x300.jpg 226w, https:\/\/fitoresyla.com\/wp-content\/uploads\/2025\/10\/PXL_20251023_084823842-771x1024.jpg 771w, https:\/\/fitoresyla.com\/wp-content\/uploads\/2025\/10\/PXL_20251023_084823842-768x1020.jpg 768w, https:\/\/fitoresyla.com\/wp-content\/uploads\/2025\/10\/PXL_20251023_084823842-1156x1536.jpg 1156w, https:\/\/fitoresyla.com\/wp-content\/uploads\/2025\/10\/PXL_20251023_084823842-600x797.jpg 600w, https:\/\/fitoresyla.com\/wp-content\/uploads\/2025\/10\/PXL_20251023_084823842.jpg 1355w\" sizes=\"(max-width: 300px) 100vw, 300px\" \/><\/div>\n\t\t\t\t\t<div class=\"wc-block-grid__product-title\">LEKA N\u00b022<\/div>\n\t\t\t\t<\/a>\n\t\t\t\t<div class=\"wc-block-grid__product-price price\"><span class=\"woocommerce-Price-amount amount\"><span class=\"woocommerce-Price-currencySymbol\">&euro;<\/span>70.00<\/span><\/div>\n\t\t\t\t\n\t\t\t\t<div class=\"wp-block-button wc-block-grid__product-add-to-cart\"><a href=\"?add-to-cart=8900\" aria-label=\"Add to cart: &ldquo;LEKA N\u00b022&rdquo;\" data-quantity=\"1\" data-product_id=\"8900\" data-product_sku=\"\" data-price=\"70\" rel=\"nofollow\" class=\"wp-block-button__link  add_to_cart_button ajax_add_to_cart\">Add to cart<\/a><\/div>\n\t\t\t<\/li><li class=\"wc-block-grid__product\">\n\t\t\t\t<a href=\"https:\/\/fitoresyla.com\/sq\/product\/leka-n23\/\" class=\"wc-block-grid__product-link\">\n\t\t\t\t\t\n\t\t\t\t\t<div class=\"wc-block-grid__product-image\"><img decoding=\"async\" width=\"300\" height=\"399\" src=\"https:\/\/fitoresyla.com\/wp-content\/uploads\/2025\/10\/PXL_20251023_084959763-300x399.jpg\" class=\"attachment-woocommerce_thumbnail size-woocommerce_thumbnail\" alt=\"LEKA N\u00b023\" srcset=\"https:\/\/fitoresyla.com\/wp-content\/uploads\/2025\/10\/PXL_20251023_084959763-300x399.jpg 300w, https:\/\/fitoresyla.com\/wp-content\/uploads\/2025\/10\/PXL_20251023_084959763-226x300.jpg 226w, https:\/\/fitoresyla.com\/wp-content\/uploads\/2025\/10\/PXL_20251023_084959763-771x1024.jpg 771w, https:\/\/fitoresyla.com\/wp-content\/uploads\/2025\/10\/PXL_20251023_084959763-768x1020.jpg 768w, https:\/\/fitoresyla.com\/wp-content\/uploads\/2025\/10\/PXL_20251023_084959763-1156x1536.jpg 1156w, https:\/\/fitoresyla.com\/wp-content\/uploads\/2025\/10\/PXL_20251023_084959763-600x797.jpg 600w, https:\/\/fitoresyla.com\/wp-content\/uploads\/2025\/10\/PXL_20251023_084959763.jpg 1355w\" sizes=\"(max-width: 300px) 100vw, 300px\" \/><\/div>\n\t\t\t\t\t<div class=\"wc-block-grid__product-title\">LEKA N\u00b023<\/div>\n\t\t\t\t<\/a>\n\t\t\t\t<div class=\"wc-block-grid__product-price price\"><span class=\"woocommerce-Price-amount amount\"><span class=\"woocommerce-Price-currencySymbol\">&euro;<\/span>70.00<\/span><\/div>\n\t\t\t\t\n\t\t\t\t<div class=\"wp-block-button wc-block-grid__product-add-to-cart\"><a href=\"https:\/\/fitoresyla.com\/sq\/product\/leka-n23\/\" aria-label=\"Read more about &ldquo;LEKA N\u00b023&rdquo;\" data-quantity=\"1\" data-product_id=\"8902\" data-product_sku=\"\" data-price=\"70\" rel=\"nofollow\" class=\"wp-block-button__link  add_to_cart_button\">Read more<\/a><\/div>\n\t\t\t<\/li><li class=\"wc-block-grid__product\">\n\t\t\t\t<a href=\"https:\/\/fitoresyla.com\/sq\/product\/leka-n21-2\/\" class=\"wc-block-grid__product-link\">\n\t\t\t\t\t\n\t\t\t\t\t<div class=\"wc-block-grid__product-image\"><img decoding=\"async\" width=\"300\" height=\"399\" src=\"https:\/\/fitoresyla.com\/wp-content\/uploads\/2025\/10\/PXL_20251023_084326394-300x399.jpg\" class=\"attachment-woocommerce_thumbnail size-woocommerce_thumbnail\" alt=\"LEKA N\u00b021\" srcset=\"https:\/\/fitoresyla.com\/wp-content\/uploads\/2025\/10\/PXL_20251023_084326394-300x399.jpg 300w, https:\/\/fitoresyla.com\/wp-content\/uploads\/2025\/10\/PXL_20251023_084326394-226x300.jpg 226w, https:\/\/fitoresyla.com\/wp-content\/uploads\/2025\/10\/PXL_20251023_084326394-771x1024.jpg 771w, https:\/\/fitoresyla.com\/wp-content\/uploads\/2025\/10\/PXL_20251023_084326394-768x1020.jpg 768w, https:\/\/fitoresyla.com\/wp-content\/uploads\/2025\/10\/PXL_20251023_084326394-1156x1536.jpg 1156w, https:\/\/fitoresyla.com\/wp-content\/uploads\/2025\/10\/PXL_20251023_084326394-600x797.jpg 600w, https:\/\/fitoresyla.com\/wp-content\/uploads\/2025\/10\/PXL_20251023_084326394.jpg 1355w\" sizes=\"(max-width: 300px) 100vw, 300px\" \/><\/div>\n\t\t\t\t\t<div class=\"wc-block-grid__product-title\">LEKA N\u00b021<\/div>\n\t\t\t\t<\/a>\n\t\t\t\t<div class=\"wc-block-grid__product-price price\"><span class=\"woocommerce-Price-amount amount\"><span class=\"woocommerce-Price-currencySymbol\">&euro;<\/span>70.00<\/span><\/div>\n\t\t\t\t\n\t\t\t\t<div class=\"wp-block-button wc-block-grid__product-add-to-cart\"><a href=\"https:\/\/fitoresyla.com\/sq\/product\/leka-n21-2\/\" aria-label=\"Read more about &ldquo;LEKA N\u00b021&rdquo;\" data-quantity=\"1\" data-product_id=\"8892\" data-product_sku=\"\" data-price=\"70\" rel=\"nofollow\" class=\"wp-block-button__link  add_to_cart_button\">Read more<\/a><\/div>\n\t\t\t<\/li><li class=\"wc-block-grid__product\">\n\t\t\t\t<a href=\"https:\/\/fitoresyla.com\/sq\/product\/leka-n20\/\" class=\"wc-block-grid__product-link\">\n\t\t\t\t\t\n\t\t\t\t\t<div class=\"wc-block-grid__product-image\"><img loading=\"lazy\" decoding=\"async\" width=\"300\" height=\"399\" src=\"https:\/\/fitoresyla.com\/wp-content\/uploads\/2025\/10\/PXL_20251022_141126429-300x399.jpg\" class=\"attachment-woocommerce_thumbnail size-woocommerce_thumbnail\" alt=\"LEKA N\u00b020\" srcset=\"https:\/\/fitoresyla.com\/wp-content\/uploads\/2025\/10\/PXL_20251022_141126429-300x399.jpg 300w, https:\/\/fitoresyla.com\/wp-content\/uploads\/2025\/10\/PXL_20251022_141126429-226x300.jpg 226w, https:\/\/fitoresyla.com\/wp-content\/uploads\/2025\/10\/PXL_20251022_141126429-771x1024.jpg 771w, https:\/\/fitoresyla.com\/wp-content\/uploads\/2025\/10\/PXL_20251022_141126429-768x1020.jpg 768w, https:\/\/fitoresyla.com\/wp-content\/uploads\/2025\/10\/PXL_20251022_141126429-1156x1536.jpg 1156w, https:\/\/fitoresyla.com\/wp-content\/uploads\/2025\/10\/PXL_20251022_141126429-600x797.jpg 600w, https:\/\/fitoresyla.com\/wp-content\/uploads\/2025\/10\/PXL_20251022_141126429.jpg 1355w\" sizes=\"(max-width: 300px) 100vw, 300px\" \/><\/div>\n\t\t\t\t\t<div class=\"wc-block-grid__product-title\">LEKA N\u00b020<\/div>\n\t\t\t\t<\/a>\n\t\t\t\t<div class=\"wc-block-grid__product-price price\"><span class=\"woocommerce-Price-amount amount\"><span class=\"woocommerce-Price-currencySymbol\">&euro;<\/span>70.00<\/span><\/div>\n\t\t\t\t\n\t\t\t\t<div class=\"wp-block-button wc-block-grid__product-add-to-cart\"><a href=\"https:\/\/fitoresyla.com\/sq\/product\/leka-n20\/\" aria-label=\"Read more about &ldquo;LEKA N\u00b020&rdquo;\" data-quantity=\"1\" data-product_id=\"8885\" data-product_sku=\"\" data-price=\"70\" rel=\"nofollow\" class=\"wp-block-button__link  add_to_cart_button\">Read more<\/a><\/div>\n\t\t\t<\/li><\/ul><\/div><\/div>\n<\/div>\n","protected":false},"excerpt":{"rendered":"","protected":false},"author":1,"featured_media":0,"parent":0,"menu_order":0,"comment_status":"closed","ping_status":"closed","template":"","meta":{"footnotes":""},"class_list":["post-5633","page","type-page","status-publish","hentry"],"yoast_head":"<!-- This site is optimized with the Yoast SEO plugin v25.3.1 - https:\/\/yoast.com\/wordpress\/plugins\/seo\/ -->\n<title>Cart - Fitore Syla<\/title>\n<meta name=\"robots\" content=\"index, follow, max-snippet:-1, max-image-preview:large, max-video-preview:-1\" \/>\n<link rel=\"canonical\" href=\"https:\/\/fitoresyla.com\/sq\/cart\/\" \/>\n<meta property=\"og:locale\" content=\"sq_AL\" \/>\n<meta property=\"og:type\" content=\"article\" \/>\n<meta property=\"og:title\" content=\"Cart - Fitore Syla\" \/>\n<meta property=\"og:url\" content=\"https:\/\/fitoresyla.com\/sq\/cart\/\" \/>\n<meta property=\"og:site_name\" content=\"Fitore Syla\" \/>\n<meta property=\"article:publisher\" content=\"https:\/\/www.facebook.com\/sylafitore\" \/>\n<meta property=\"article:modified_time\" content=\"2024-07-08T22:31:04+00:00\" \/>\n<meta property=\"og:image\" content=\"https:\/\/fitoresyla.com\/wp-content\/uploads\/2024\/07\/F-03-scaled.jpg\" \/>\n\t<meta property=\"og:image:width\" content=\"2560\" \/>\n\t<meta property=\"og:image:height\" content=\"1874\" \/>\n\t<meta property=\"og:image:type\" content=\"image\/jpeg\" \/>\n<meta name=\"twitter:card\" content=\"summary_large_image\" \/>\n<script type=\"application\/ld+json\" class=\"yoast-schema-graph\">{\"@context\":\"https:\/\/schema.org\",\"@graph\":[{\"@type\":\"WebPage\",\"@id\":\"https:\/\/fitoresyla.com\/sq\/cart\/\",\"url\":\"https:\/\/fitoresyla.com\/sq\/cart\/\",\"name\":\"Cart - Fitore Syla\",\"isPartOf\":{\"@id\":\"https:\/\/fitoresyla.com\/sq\/#website\"},\"datePublished\":\"2024-06-19T15:49:07+00:00\",\"dateModified\":\"2024-07-08T22:31:04+00:00\",\"breadcrumb\":{\"@id\":\"https:\/\/fitoresyla.com\/sq\/cart\/#breadcrumb\"},\"inLanguage\":\"sq-AL\",\"potentialAction\":[{\"@type\":\"ReadAction\",\"target\":[\"https:\/\/fitoresyla.com\/sq\/cart\/\"]}]},{\"@type\":\"BreadcrumbList\",\"@id\":\"https:\/\/fitoresyla.com\/sq\/cart\/#breadcrumb\",\"itemListElement\":[{\"@type\":\"ListItem\",\"position\":1,\"name\":\"Home\",\"item\":\"https:\/\/fitoresyla.com\/sq\/\"},{\"@type\":\"ListItem\",\"position\":2,\"name\":\"Cart\"}]},{\"@type\":\"WebSite\",\"@id\":\"https:\/\/fitoresyla.com\/sq\/#website\",\"url\":\"https:\/\/fitoresyla.com\/sq\/\",\"name\":\"Fitore Syla\",\"description\":\"Designer\",\"publisher\":{\"@id\":\"https:\/\/fitoresyla.com\/sq\/#organization\"},\"alternateName\":\"Fitore Syla Studio\",\"potentialAction\":[{\"@type\":\"SearchAction\",\"target\":{\"@type\":\"EntryPoint\",\"urlTemplate\":\"https:\/\/fitoresyla.com\/sq\/?s={search_term_string}\"},\"query-input\":{\"@type\":\"PropertyValueSpecification\",\"valueRequired\":true,\"valueName\":\"search_term_string\"}}],\"inLanguage\":\"sq-AL\"},{\"@type\":\"Organization\",\"@id\":\"https:\/\/fitoresyla.com\/sq\/#organization\",\"name\":\"Fitore Syla\",\"alternateName\":\"FTS\",\"url\":\"https:\/\/fitoresyla.com\/sq\/\",\"logo\":{\"@type\":\"ImageObject\",\"inLanguage\":\"sq-AL\",\"@id\":\"https:\/\/fitoresyla.com\/sq\/#\/schema\/logo\/image\/\",\"url\":\"https:\/\/fitoresyla.com\/wp-content\/uploads\/2024\/07\/Screen-Shot-2024-07-16-at-01.13.19.png\",\"contentUrl\":\"https:\/\/fitoresyla.com\/wp-content\/uploads\/2024\/07\/Screen-Shot-2024-07-16-at-01.13.19.png\",\"width\":154,\"height\":154,\"caption\":\"Fitore Syla\"},\"image\":{\"@id\":\"https:\/\/fitoresyla.com\/sq\/#\/schema\/logo\/image\/\"},\"sameAs\":[\"https:\/\/www.facebook.com\/sylafitore\",\"https:\/\/www.instagram.com\/sylafitore\/\",\"https:\/\/pin.it\/292LsUjrQ\",\"https:\/\/www.tiktok.com\/@syla.fitore\",\"https:\/\/www.linkedin.com\/in\/fitore-syla-93a34351\/\"]}]}<\/script>\n<!-- \/ Yoast SEO plugin. -->","yoast_head_json":{"title":"Cart - Fitore Syla","robots":{"index":"index","follow":"follow","max-snippet":"max-snippet:-1","max-image-preview":"max-image-preview:large","max-video-preview":"max-video-preview:-1"},"canonical":"https:\/\/fitoresyla.com\/sq\/cart\/","og_locale":"sq_AL","og_type":"article","og_title":"Cart - Fitore Syla","og_url":"https:\/\/fitoresyla.com\/sq\/cart\/","og_site_name":"Fitore Syla","article_publisher":"https:\/\/www.facebook.com\/sylafitore","article_modified_time":"2024-07-08T22:31:04+00:00","og_image":[{"width":2560,"height":1874,"url":"https:\/\/fitoresyla.com\/wp-content\/uploads\/2024\/07\/F-03-scaled.jpg","type":"image\/jpeg"}],"twitter_card":"summary_large_image","schema":{"@context":"https:\/\/schema.org","@graph":[{"@type":"WebPage","@id":"https:\/\/fitoresyla.com\/sq\/cart\/","url":"https:\/\/fitoresyla.com\/sq\/cart\/","name":"Cart - Fitore Syla","isPartOf":{"@id":"https:\/\/fitoresyla.com\/sq\/#website"},"datePublished":"2024-06-19T15:49:07+00:00","dateModified":"2024-07-08T22:31:04+00:00","breadcrumb":{"@id":"https:\/\/fitoresyla.com\/sq\/cart\/#breadcrumb"},"inLanguage":"sq-AL","potentialAction":[{"@type":"ReadAction","target":["https:\/\/fitoresyla.com\/sq\/cart\/"]}]},{"@type":"BreadcrumbList","@id":"https:\/\/fitoresyla.com\/sq\/cart\/#breadcrumb","itemListElement":[{"@type":"ListItem","position":1,"name":"Home","item":"https:\/\/fitoresyla.com\/sq\/"},{"@type":"ListItem","position":2,"name":"Cart"}]},{"@type":"WebSite","@id":"https:\/\/fitoresyla.com\/sq\/#website","url":"https:\/\/fitoresyla.com\/sq\/","name":"Fitore Syla","description":"Designer","publisher":{"@id":"https:\/\/fitoresyla.com\/sq\/#organization"},"alternateName":"Fitore Syla Studio","potentialAction":[{"@type":"SearchAction","target":{"@type":"EntryPoint","urlTemplate":"https:\/\/fitoresyla.com\/sq\/?s={search_term_string}"},"query-input":{"@type":"PropertyValueSpecification","valueRequired":true,"valueName":"search_term_string"}}],"inLanguage":"sq-AL"},{"@type":"Organization","@id":"https:\/\/fitoresyla.com\/sq\/#organization","name":"Fitore Syla","alternateName":"FTS","url":"https:\/\/fitoresyla.com\/sq\/","logo":{"@type":"ImageObject","inLanguage":"sq-AL","@id":"https:\/\/fitoresyla.com\/sq\/#\/schema\/logo\/image\/","url":"https:\/\/fitoresyla.com\/wp-content\/uploads\/2024\/07\/Screen-Shot-2024-07-16-at-01.13.19.png","contentUrl":"https:\/\/fitoresyla.com\/wp-content\/uploads\/2024\/07\/Screen-Shot-2024-07-16-at-01.13.19.png","width":154,"height":154,"caption":"Fitore Syla"},"image":{"@id":"https:\/\/fitoresyla.com\/sq\/#\/schema\/logo\/image\/"},"sameAs":["https:\/\/www.facebook.com\/sylafitore","https:\/\/www.instagram.com\/sylafitore\/","https:\/\/pin.it\/292LsUjrQ","https:\/\/www.tiktok.com\/@syla.fitore","https:\/\/www.linkedin.com\/in\/fitore-syla-93a34351\/"]}]}},"_links":{"self":[{"href":"https:\/\/fitoresyla.com\/sq\/wp-json\/wp\/v2\/pages\/5633","targetHints":{"allow":["GET"]}}],"collection":[{"href":"https:\/\/fitoresyla.com\/sq\/wp-json\/wp\/v2\/pages"}],"about":[{"href":"https:\/\/fitoresyla.com\/sq\/wp-json\/wp\/v2\/types\/page"}],"author":[{"embeddable":true,"href":"https:\/\/fitoresyla.com\/sq\/wp-json\/wp\/v2\/users\/1"}],"replies":[{"embeddable":true,"href":"https:\/\/fitoresyla.com\/sq\/wp-json\/wp\/v2\/comments?post=5633"}],"version-history":[{"count":0,"href":"https:\/\/fitoresyla.com\/sq\/wp-json\/wp\/v2\/pages\/5633\/revisions"}],"wp:attachment":[{"href":"https:\/\/fitoresyla.com\/sq\/wp-json\/wp\/v2\/media?parent=5633"}],"curies":[{"name":"wp","href":"https:\/\/api.w.org\/{rel}","templated":true}]}}